{"id":2,"date":"2016-05-10T03:48:21","date_gmt":"2016-05-10T03:48:21","guid":{"rendered":"http:\/\/wp452m.a10-52-158-154.qa.plesk.ru\/wordpress\/?page_id=2"},"modified":"2025-02-06T16:38:13","modified_gmt":"2025-02-06T15:38:13","slug":"sample-page","status":"publish","type":"page","link":"https:\/\/www.chmgmbh.com\/","title":{"rendered":"Danu GmbH \u2013 Digitale Transformation mit KI, Process Mining &amp; XR"},"content":{"rendered":"<p>Die <b>Danu GmbH<\/b>\u00a0ist eine <b>zukunftsorientierte Unternehmensberatung<\/b>, die durch <b>ma\u00dfgeschneiderte Softwarel\u00f6sungen<\/b>\u00a0digitale Transformation neu definiert. Gegr\u00fcndet von <b>Dr. Nina Hubig<\/b>\u00a0und <b>Raul Pinto<\/b>, unterst\u00fctzt das Unternehmen Unternehmen dabei, <b>K\u00fcnstliche Intelligenz (KI), Process Mining und Extended Reality (XR)<\/b>\u00a0erfolgreich zu integrieren, um <b>Effizienz zu steigern, Prozesse zu optimieren und neue Gesch\u00e4ftsm\u00f6glichkeiten zu erschlie\u00dfen<\/b>.<\/p>\n\n\n<h2 class=\"wp-block-heading\"><strong>Innovation trifft auf praxisnahe Umsetzung<\/strong><\/h2>\n\n\n\n<p>Wir glauben an&nbsp;<strong>individuelle digitale Transformation<\/strong>&nbsp;\u2013 keine Standardl\u00f6sungen, sondern ma\u00dfgeschneiderte Ans\u00e4tze, die echten Mehrwert liefern. Unser Know-how umfasst:<\/p>\n\n\n\n<p>&#x2705;&nbsp;<strong>KI-Integration<\/strong>&nbsp;\u2013 Von&nbsp;<strong>vorausschauender Analyse bis hin zu intelligenter Automatisierung<\/strong>: Wir implementieren&nbsp;<strong>erkl\u00e4rbare und vertrauensw\u00fcrdige KI<\/strong>, die datengest\u00fctzte Entscheidungen verbessert.<\/p>\n\n\n\n<p>&#x2705;&nbsp;<strong>Process Mining<\/strong>&nbsp;\u2013 Wir visualisieren komplexe Abl\u00e4ufe, identifizieren&nbsp;<strong>Optimierungspotenziale<\/strong>&nbsp;und helfen Unternehmen, ihre Prozesse&nbsp;<strong>effizienter und agiler zu gestalten<\/strong>.<\/p>\n\n\n\n<p>&#x2705;&nbsp;<strong>Extended Reality (XR)<\/strong>&nbsp;\u2013 Mit immersiven&nbsp;<strong>VR- und AR-L\u00f6sungen<\/strong>&nbsp;schaffen wir neue M\u00f6glichkeiten f\u00fcr&nbsp;<strong>Schulungen, Produktdesign und Kundenerlebnisse<\/strong>.<\/p>\n\n\n<div class=\"wp-block-image\">\n<figure class=\"aligncenter size-large\"><img loading=\"lazy\" decoding=\"async\" width=\"1024\" height=\"684\" src=\"https:\/\/chmgmbh.com\/wp-content\/uploads\/2025\/02\/pexels-pavel-danilyuk-8439094-1024x684.jpg\" alt=\"\" class=\"wp-image-29\" srcset=\"https:\/\/www.chmgmbh.com\/wp-content\/uploads\/2025\/02\/pexels-pavel-danilyuk-8439094-1024x684.jpg 1024w, https:\/\/www.chmgmbh.com\/wp-content\/uploads\/2025\/02\/pexels-pavel-danilyuk-8439094-300x200.jpg 300w, https:\/\/www.chmgmbh.com\/wp-content\/uploads\/2025\/02\/pexels-pavel-danilyuk-8439094-768x513.jpg 768w, https:\/\/www.chmgmbh.com\/wp-content\/uploads\/2025\/02\/pexels-pavel-danilyuk-8439094-1536x1025.jpg 1536w, https:\/\/www.chmgmbh.com\/wp-content\/uploads\/2025\/02\/pexels-pavel-danilyuk-8439094-2048x1367.jpg 2048w, https:\/\/www.chmgmbh.com\/wp-content\/uploads\/2025\/02\/pexels-pavel-danilyuk-8439094-1200x801.jpg 1200w\" sizes=\"auto, (max-width: 709px) 85vw, (max-width: 909px) 67vw, (max-width: 1362px) 62vw, 840px\" \/><\/figure><\/div>\n\n\n<h2 class=\"wp-block-heading\"><strong>Warum Danu GmbH?<\/strong><\/h2>\n\n\n\n<p>&#x1f680;&nbsp;<strong>Technologische Exzellenz<\/strong>&nbsp;\u2013 Wir verbinden&nbsp;<strong>modernste Technologien<\/strong>&nbsp;mit&nbsp;<strong>praxisnahen Gesch\u00e4ftsanwendungen<\/strong>&nbsp;f\u00fcr innovative und zugleich&nbsp;<strong>anwendbare L\u00f6sungen<\/strong>.<\/p>\n\n\n\n<p>&#x1f91d;&nbsp;<strong>Branchenspezifische Anpassung<\/strong>&nbsp;\u2013 Wir entwickeln keine L\u00f6sungen von der Stange, sondern&nbsp;<strong>ma\u00dfgeschneiderte digitale Strategien<\/strong>, die auf Ihre&nbsp;<strong>individuellen Herausforderungen zugeschnitten sind<\/strong>.<\/p>\n\n\n\n<p>&#x1f4c8;&nbsp;<strong>Messbarer Erfolg<\/strong>&nbsp;\u2013 Unsere L\u00f6sungen sind nicht nur innovativ, sondern auch&nbsp;<strong>skalierbar und ergebnisorientiert<\/strong>, um Ihre&nbsp;<strong>Wettbewerbsf\u00e4higkeit langfristig zu st\u00e4rken<\/strong>.<\/p>\n\n\n\n<p>Ob Sie&nbsp;<strong>Gesch\u00e4ftsprozesse optimieren, KI f\u00fcr fundierte Entscheidungen nutzen oder mit XR neue Erlebnisse schaffen m\u00f6chten<\/strong>&nbsp;\u2013&nbsp;<strong>Danu GmbH ist Ihr zuverl\u00e4ssiger Partner f\u00fcr digitale Innovation<\/strong>.<\/p>\n\n\n\n<p>&#x1f680;&nbsp;<strong>Lassen Sie uns gemeinsam die Zukunft gestalten!<\/strong>&nbsp;<strong>Kontaktieren Sie uns, um Ihre digitale Transformation zu starten.<\/strong><\/p>\n\n\n\n<figure class=\"wp-block-image size-large\"><img loading=\"lazy\" decoding=\"async\" width=\"1024\" height=\"582\" src=\"https:\/\/chmgmbh.com\/wp-content\/uploads\/2025\/02\/pexels-pixabay-247851-1024x582.jpg\" alt=\"\" class=\"wp-image-31\" srcset=\"https:\/\/www.chmgmbh.com\/wp-content\/uploads\/2025\/02\/pexels-pixabay-247851-1024x582.jpg 1024w, https:\/\/www.chmgmbh.com\/wp-content\/uploads\/2025\/02\/pexels-pixabay-247851-300x170.jpg 300w, https:\/\/www.chmgmbh.com\/wp-content\/uploads\/2025\/02\/pexels-pixabay-247851-768x436.jpg 768w, https:\/\/www.chmgmbh.com\/wp-content\/uploads\/2025\/02\/pexels-pixabay-247851-1536x872.jpg 1536w, https:\/\/www.chmgmbh.com\/wp-content\/uploads\/2025\/02\/pexels-pixabay-247851-2048x1163.jpg 2048w, https:\/\/www.chmgmbh.com\/wp-content\/uploads\/2025\/02\/pexels-pixabay-247851-1200x682.jpg 1200w\" sizes=\"auto, (max-width: 709px) 85vw, (max-width: 909px) 67vw, (max-width: 1362px) 62vw, 840px\" \/><\/figure>\n","protected":false},"excerpt":{"rendered":"<p>Die Danu GmbH\u00a0ist eine zukunftsorientierte Unternehmensberatung, die durch ma\u00dfgeschneiderte Softwarel\u00f6sungen\u00a0digitale Transformation neu definiert. Gegr\u00fcndet von Dr. Nina Hubig\u00a0und Raul Pinto, unterst\u00fctzt das Unternehmen Unternehmen dabei, K\u00fcnstliche Intelligenz (KI), Process Mining und Extended Reality (XR)\u00a0erfolgreich zu integrieren, um Effizienz zu steigern, Prozesse zu optimieren und neue Gesch\u00e4ftsm\u00f6glichkeiten zu erschlie\u00dfen. Innovation trifft auf praxisnahe Umsetzung Wir glauben &hellip; <a href=\"https:\/\/www.chmgmbh.com\/\" class=\"more-link\"><span class=\"screen-reader-text\">\u201eDanu GmbH \u2013 Digitale Transformation mit KI, Process Mining &amp; XR\u201c<\/span> weiterlesen<\/a><\/p>\n","protected":false},"author":1,"featured_media":28,"parent":0,"menu_order":0,"comment_status":"closed","ping_status":"open","template":"","meta":{"footnotes":""},"class_list":["post-2","page","type-page","status-publish","has-post-thumbnail","hentry"],"_links":{"self":[{"href":"https:\/\/www.chmgmbh.com\/index.php?rest_route=\/wp\/v2\/pages\/2","targetHints":{"allow":["GET"]}}],"collection":[{"href":"https:\/\/www.chmgmbh.com\/index.php?rest_route=\/wp\/v2\/pages"}],"about":[{"href":"https:\/\/www.chmgmbh.com\/index.php?rest_route=\/wp\/v2\/types\/page"}],"author":[{"embeddable":true,"href":"https:\/\/www.chmgmbh.com\/index.php?rest_route=\/wp\/v2\/users\/1"}],"replies":[{"embeddable":true,"href":"https:\/\/www.chmgmbh.com\/index.php?rest_route=%2Fwp%2Fv2%2Fcomments&post=2"}],"version-history":[{"count":3,"href":"https:\/\/www.chmgmbh.com\/index.php?rest_route=\/wp\/v2\/pages\/2\/revisions"}],"predecessor-version":[{"id":32,"href":"https:\/\/www.chmgmbh.com\/index.php?rest_route=\/wp\/v2\/pages\/2\/revisions\/32"}],"wp:featuredmedia":[{"embeddable":true,"href":"https:\/\/www.chmgmbh.com\/index.php?rest_route=\/wp\/v2\/media\/28"}],"wp:attachment":[{"href":"https:\/\/www.chmgmbh.com\/index.php?rest_route=%2Fwp%2Fv2%2Fmedia&parent=2"}],"curies":[{"name":"wp","href":"https:\/\/api.w.org\/{rel}","templated":true}]}}